{"id":2753,"date":"2024-10-10T08:49:07","date_gmt":"2024-10-10T08:49:07","guid":{"rendered":"https:\/\/www.ortoforum.eu\/ro\/?post_type=product&#038;p=2753"},"modified":"2024-11-18T07:44:29","modified_gmt":"2024-11-18T07:44:29","slug":"arc-deschidere-spatiu-initialloy-stop-wound-gc","status":"publish","type":"product","link":"https:\/\/www.ortoforum.eu\/en\/product\/arc-deschidere-spatiu-initialloy-stop-wound-gc\/","title":{"rendered":"Initialloy Stop Wound Open Spring"},"content":{"rendered":"<h1 class=\"product-title product_title entry-title\">Initialloy Stop Wound Open Spring<\/h1>\n<p>Each length has tight spirals every 4 cm. Once determining the measurement necessary, simply cut the wire at<br \/>\nthe center of the spiral. The spring goes back to its original size once cut.<\/p>\n<div class=\"woocommerce-tabs wc-tabs-wrapper\">\n<div id=\"tab-description\" class=\"woocommerce-Tabs-panel woocommerce-Tabs-panel--description panel entry-content wc-tab\" role=\"tabpanel\" aria-labelledby=\"tab-title-description\">\n<h2>Dawnload:<\/h2>\n<p>Documentation:<a href=\"https:\/\/www.ortoforum.eu\/wp-content\/uploads\/2024\/10\/MSDS_025_Nickel_Titanium-Wire_71-72-74-76-70-xxxx-xxxx_Rev03.pdf\">MSDS_025_Nickel_Titanium-Wire_71-72-74-76-70-xxxx-xxxx_Rev03<\/a><\/p>\n<p><a href=\"https:\/\/www.gc.dental\/ortho\/sites\/ortho-europe.gc.dental\/files\/documents\/2023-05\/%237%20Arcs%20GB.pdf\">Archwires &#038; Accessories Cataloc GC<\/a><\/p>\n<\/div>\n<\/div>\n<section class=\"related products\">\n<h2><\/h2>\n<\/section>\n<pre class=\"tw-data-text tw-text-large tw-ta\" dir=\"ltr\" data-placeholder=\"Traducere\" data-ved=\"2ahUKEwiD0onRtYOJAxU1zQIHHWTkEGUQ3ewLegQIBxAW\" aria-label=\"Text tradus: Fiecare lungime are spirale str\u00e2nse la fiecare 4 cm. Odat\u0103 ce a\u021bi determinat m\u0103sura necesar\u0103, pur \u0219i simplu t\u0103ia\u021bi firul la centrul spiralei. Arcul revine la dimensiunea ini\u021bial\u0103 odat\u0103 t\u0103iat. Arcurile sunt disponibile \u00een for\u021be de 100 de grame, 150 de grame \u0219i, de asemenea, 200 de grame. Ambalat \u00een trei, 18 cm lungime per tub.\"><span class=\"Y2IQFc\" lang=\"ro\">\u00a0<\/span><\/pre>\n","protected":false},"excerpt":{"rendered":"<p>1 piece<\/p>\n","protected":false},"featured_media":2754,"comment_status":"open","ping_status":"closed","template":"","meta":[],"product_brand":[],"product_cat":[93],"product_tag":[],"class_list":{"0":"post-2753","1":"product","2":"type-product","3":"status-publish","4":"has-post-thumbnail","6":"product_cat-arcuri","7":"description-off","9":"first","10":"instock","11":"taxable","12":"shipping-taxable","13":"product-type-simple"},"_links":{"self":[{"href":"https:\/\/www.ortoforum.eu\/en\/wp-json\/wp\/v2\/product\/2753","targetHints":{"allow":["GET"]}}],"collection":[{"href":"https:\/\/www.ortoforum.eu\/en\/wp-json\/wp\/v2\/product"}],"about":[{"href":"https:\/\/www.ortoforum.eu\/en\/wp-json\/wp\/v2\/types\/product"}],"replies":[{"embeddable":true,"href":"https:\/\/www.ortoforum.eu\/en\/wp-json\/wp\/v2\/comments?post=2753"}],"wp:featuredmedia":[{"embeddable":true,"href":"https:\/\/www.ortoforum.eu\/en\/wp-json\/wp\/v2\/media\/2754"}],"wp:attachment":[{"href":"https:\/\/www.ortoforum.eu\/en\/wp-json\/wp\/v2\/media?parent=2753"}],"wp:term":[{"taxonomy":"product_brand","embeddable":true,"href":"https:\/\/www.ortoforum.eu\/en\/wp-json\/wp\/v2\/product_brand?post=2753"},{"taxonomy":"product_cat","embeddable":true,"href":"https:\/\/www.ortoforum.eu\/en\/wp-json\/wp\/v2\/product_cat?post=2753"},{"taxonomy":"product_tag","embeddable":true,"href":"https:\/\/www.ortoforum.eu\/en\/wp-json\/wp\/v2\/product_tag?post=2753"}],"curies":[{"name":"wp","href":"https:\/\/api.w.org\/{rel}","templated":true}]}}