{"id":2757,"date":"2024-10-10T09:42:20","date_gmt":"2024-10-10T09:42:20","guid":{"rendered":"https:\/\/www.ortoforum.eu\/ro\/?post_type=product&#038;p=2757"},"modified":"2024-11-18T07:44:29","modified_gmt":"2024-11-18T07:44:29","slug":"arc-palatinal","status":"publish","type":"product","link":"https:\/\/www.ortoforum.eu\/en\/product\/arc-palatinal\/","title":{"rendered":"GOSHGARIAN"},"content":{"rendered":"<pre id=\"tw-target-text\" class=\"tw-data-text tw-text-large tw-ta\" dir=\"ltr\" data-placeholder=\"Traducere\" data-ved=\"2ahUKEwjY_Yj9v4OJAxVs-gIHHT63JgAQ3ewLegQIBxAU\" aria-label=\"Text tradus: Arcurile noastre palatine sunt realizate din s\u00e2rm\u0103 de 0,9 mm \u00een 16 dimensiuni Dimensiuni: 35-55, in trepte de 2mm Versiuni: - bucla mesiala (TH) - Ansa distal\u0103 (FPAB)\"><span class=\"Y2IQFc\" lang=\"ro\">Palatal arches are made from 0.9 mm wire in 16 sizes\r\nSizes: 35-57 in steps of 2mm\r\nTypes:\r\n- Mesial loop \r\n- Distal loop \r\n<\/span><\/pre>\n","protected":false},"excerpt":{"rendered":"<p>1 buc<\/p>\n","protected":false},"featured_media":2758,"comment_status":"open","ping_status":"closed","template":"","meta":[],"product_brand":[],"product_cat":[102,93],"product_tag":[],"class_list":{"0":"post-2757","1":"product","2":"type-product","3":"status-publish","4":"has-post-thumbnail","6":"product_cat-palatal-archwires","7":"product_cat-arcuri","8":"description-off","10":"first","11":"instock","12":"taxable","13":"shipping-taxable","14":"product-type-variable"},"_links":{"self":[{"href":"https:\/\/www.ortoforum.eu\/en\/wp-json\/wp\/v2\/product\/2757","targetHints":{"allow":["GET"]}}],"collection":[{"href":"https:\/\/www.ortoforum.eu\/en\/wp-json\/wp\/v2\/product"}],"about":[{"href":"https:\/\/www.ortoforum.eu\/en\/wp-json\/wp\/v2\/types\/product"}],"replies":[{"embeddable":true,"href":"https:\/\/www.ortoforum.eu\/en\/wp-json\/wp\/v2\/comments?post=2757"}],"wp:featuredmedia":[{"embeddable":true,"href":"https:\/\/www.ortoforum.eu\/en\/wp-json\/wp\/v2\/media\/2758"}],"wp:attachment":[{"href":"https:\/\/www.ortoforum.eu\/en\/wp-json\/wp\/v2\/media?parent=2757"}],"wp:term":[{"taxonomy":"product_brand","embeddable":true,"href":"https:\/\/www.ortoforum.eu\/en\/wp-json\/wp\/v2\/product_brand?post=2757"},{"taxonomy":"product_cat","embeddable":true,"href":"https:\/\/www.ortoforum.eu\/en\/wp-json\/wp\/v2\/product_cat?post=2757"},{"taxonomy":"product_tag","embeddable":true,"href":"https:\/\/www.ortoforum.eu\/en\/wp-json\/wp\/v2\/product_tag?post=2757"}],"curies":[{"name":"wp","href":"https:\/\/api.w.org\/{rel}","templated":true}]}}