{"id":492,"date":"2019-01-23T15:24:11","date_gmt":"2019-01-23T15:24:11","guid":{"rendered":"https:\/\/the7.io\/weed\/?page_id=8"},"modified":"2024-11-19T08:21:54","modified_gmt":"2024-11-19T08:21:54","slug":"about-us","status":"publish","type":"page","link":"https:\/\/www.ortoforum.eu\/ro\/about-us\/","title":{"rendered":"Despre noi"},"content":{"rendered":"<div class=\"wpb-content-wrapper\"><p>[vc_row bg_type=&#8221;bg_color&#8221; bg_override=&#8221;full&#8221; bg_color_value=&#8221;#d8d8d8&#8243; css=&#8221;.vc_custom_1731936121002{border-color: #ffffff !important;}&#8221;][vc_column offset=&#8221;vc_col-lg-offset-0 vc_col-md-offset-0&#8243;][vc_row_inner equal_height=&#8221;yes&#8221; content_placement=&#8221;middle&#8221;][vc_column_inner width=&#8221;1\/2&#8243; offset=&#8221;vc_col-lg-offset-1 vc_col-lg-6 vc_col-md-offset-1 vc_col-md-6 vc_col-sm-offset-0 vc_col-xs-12&#8243; css=&#8221;.vc_custom_1731936200540{margin-bottom: 20px !important;border-left-width: 3px !important;padding-left: 40px !important;border-left-style: dashed !important;border-color: #ffffff !important;}&#8221;]<div id=\"ultimate-heading-829769f441c8a7c8d\" class=\"uvc-heading ult-adjust-bottom-margin ultimate-heading-829769f441c8a7c8d uvc-8912 accent-icon-color uvc-heading-default-font-sizes\" data-hspacer=\"icon_only\"  data-halign=\"left\" style=\"text-align:left\"><div class=\"uvc-heading-spacer icon_only\" style=\"top\"><div class=\"ult-just-icon-wrapper  \"><div class=\"align-icon\" style=\"text-align:left;\">\n<div class=\"aio-icon none \"  style=\"color:#000000;font-size:32px;\">\n\t<i class=\"Defaults-leaf\"><\/i>\n<\/div><\/div><\/div><\/div><div class=\"uvc-main-heading ult-responsive\"  data-ultimate-target='.uvc-heading.ultimate-heading-829769f441c8a7c8d h3'  data-responsive-json-new='{\"font-size\":\"\",\"line-height\":\"\"}' ><h3 style=\"font-weight:bold;color:#1e73be;margin-bottom:15px;\">Pasiune pentru o calitate demna de respect<\/h3><\/div><div class=\"uvc-sub-heading ult-responsive\"  data-ultimate-target='.uvc-heading.ultimate-heading-829769f441c8a7c8d .uvc-sub-heading '  data-responsive-json-new='{\"font-size\":\"\",\"line-height\":\"desktop:27px;\"}'  style=\"font-weight:normal;color:#000000;margin-bottom:20px;\">GC ORTHODONTICS, SAVARIA DENT, ROCKY MOUNTAIN ORTHODONTICS, BIO MATERIALE -KOREA, 3B ORTHO , sunt unele dintre cele mai mari \u00a0si prestigioase companii de ortodontie din lume. Pasiunea pentru excelen\u021b\u0103 \u00een produsele ortodontice a fost principiul nostru c\u0103l\u0103uzitor de peste 25 de ani. La Oroforum, suntem dedica\u021bi s\u0103 furniz\u0103m produse \u0219i accesorii ortodontice de cea mai bun\u0103 calitate, care \u00eendeplinesc cele mai \u00eenalte standarde de func\u021bionalitate \u0219i durabilitate. Angajamentul nostru de lung\u0103 durat\u0103 fa\u021b\u0103 de m\u0103iestria superioar\u0103 asigur\u0103 c\u0103 fiecare produs pe care \u00eel oferim sprijin\u0103 cel mai bine\u00a0 \u00eengrijirea ortodontic\u0103, ajut\u00e2nd profesioni\u0219tii s\u0103 livreze. z\u00e2mbete frumoase, \u00eencrez\u0103toare. Al\u0103tura\u021bi-v\u0103 nou\u0103 pentru a s\u0103rb\u0103tori o mo\u0219tenire de calitate \u0219i inova\u021bie \u00een ortodon\u021bie.<\/div><\/div>[\/vc_column_inner][vc_column_inner width=&#8221;1\/2&#8243; offset=&#8221;vc_col-lg-offset-0 vc_col-lg-4 vc_col-md-offset-0 vc_col-md-4 vc_col-sm-offset-0 vc_hidden-xs&#8221; css=&#8221;.vc_custom_1550511674362{padding-left: 40px !important;}&#8221;]<style type=\"text\/css\" data-type=\"the7_shortcodes-inline-css\">.shortcode-single-image-wrap.shortcode-single-image-484a771364a41454c86147b39e64bcac.enable-bg-rollover .rollover i,\n.shortcode-single-image-wrap.shortcode-single-image-484a771364a41454c86147b39e64bcac.enable-bg-rollover .rollover-video i {\n  background: -webkit-linear-gradient();\n  background: linear-gradient();\n}\n.shortcode-single-image-wrap.shortcode-single-image-484a771364a41454c86147b39e64bcac .rollover-icon {\n  font-size: 32px;\n  color: #ffffff;\n  min-width: 44px;\n  min-height: 44px;\n  line-height: 44px;\n  border-radius: 100px;\n  border-style: solid;\n  border-width: 0px;\n}\n.dt-icon-bg-on.shortcode-single-image-wrap.shortcode-single-image-484a771364a41454c86147b39e64bcac .rollover-icon {\n  background: rgba(255,255,255,0.3);\n  box-shadow: none;\n}\n<\/style><div class=\"shortcode-single-image-wrap shortcode-single-image-484a771364a41454c86147b39e64bcac alignnone  enable-bg-rollover dt-icon-bg-off\" style=\"margin-top:0px; margin-bottom:0px; margin-left:0px; margin-right:0px; width:800px;\"><div class=\"shortcode-single-image\"><div class=\"fancy-media-wrap  layzr-bg\" style=\"border-radius:800px;\"><img fetchpriority=\"high\" decoding=\"async\" class=\"preload-me lazy-load aspect\" src=\"data:image\/svg+xml,%3Csvg%20xmlns%3D&#39;http%3A%2F%2Fwww.w3.org%2F2000%2Fsvg&#39;%20viewBox%3D&#39;0%200%20800%20800&#39;%2F%3E\" data-src=\"https:\/\/www.ortoforum.eu\/wp-content\/uploads\/2024\/07\/Mt-Fuji-800x800.jpg\" data-srcset=\"https:\/\/www.ortoforum.eu\/wp-content\/uploads\/2024\/07\/Mt-Fuji-800x800.jpg 800w, https:\/\/www.ortoforum.eu\/wp-content\/uploads\/2024\/07\/Mt-Fuji-1125x1125.jpg 1125w\" loading=\"eager\" sizes=\"(max-width: 800px) 100vw, 800px\" width=\"800\" height=\"800\"  data-dt-location=\"https:\/\/www.ortoforum.eu\/ro\/home\/mt-fuji\/\" style=\"--ratio: 800 \/ 800;border-radius:800px;\" alt=\"\" \/><\/div><\/div><\/div>[\/vc_column_inner][\/vc_row_inner][vc_row_inner equal_height=&#8221;yes&#8221; content_placement=&#8221;middle&#8221;][vc_column_inner width=&#8221;1\/2&#8243; offset=&#8221;vc_col-lg-offset-1 vc_col-lg-4 vc_col-md-offset-1 vc_col-md-4 vc_hidden-xs&#8221; css=&#8221;.vc_custom_1550511660681{padding-right: 40px !important;}&#8221;]<style type=\"text\/css\" data-type=\"the7_shortcodes-inline-css\">.shortcode-single-image-wrap.shortcode-single-image-1a9dba08e4affddaebe2add7d4f1a5f0.enable-bg-rollover .rollover i,\n.shortcode-single-image-wrap.shortcode-single-image-1a9dba08e4affddaebe2add7d4f1a5f0.enable-bg-rollover .rollover-video i {\n  background: -webkit-linear-gradient();\n  background: linear-gradient();\n}\n.shortcode-single-image-wrap.shortcode-single-image-1a9dba08e4affddaebe2add7d4f1a5f0 .rollover-icon {\n  font-size: 32px;\n  color: #ffffff;\n  min-width: 44px;\n  min-height: 44px;\n  line-height: 44px;\n  border-radius: 100px;\n  border-style: solid;\n  border-width: 0px;\n}\n.dt-icon-bg-on.shortcode-single-image-wrap.shortcode-single-image-1a9dba08e4affddaebe2add7d4f1a5f0 .rollover-icon {\n  background: rgba(255,255,255,0.3);\n  box-shadow: none;\n}\n<\/style><div class=\"shortcode-single-image-wrap shortcode-single-image-1a9dba08e4affddaebe2add7d4f1a5f0 alignnone  enable-bg-rollover dt-icon-bg-off\" style=\"margin-top:0px; margin-bottom:0px; margin-left:0px; margin-right:0px; width:800px;\"><div class=\"shortcode-single-image\"><div class=\"fancy-media-wrap  layzr-bg\" style=\"border-radius:800px;\"><img decoding=\"async\" class=\"preload-me lazy-load aspect\" src=\"data:image\/svg+xml,%3Csvg%20xmlns%3D&#39;http%3A%2F%2Fwww.w3.org%2F2000%2Fsvg&#39;%20viewBox%3D&#39;0%200%20800%20800&#39;%2F%3E\" data-src=\"https:\/\/www.ortoforum.eu\/wp-content\/uploads\/2024\/07\/99de5bf0-789d-4419-968e-0eceaed06d72-800x800.jpeg\" data-srcset=\"https:\/\/www.ortoforum.eu\/wp-content\/uploads\/2024\/07\/99de5bf0-789d-4419-968e-0eceaed06d72-800x800.jpeg 800w, https:\/\/www.ortoforum.eu\/wp-content\/uploads\/2024\/07\/99de5bf0-789d-4419-968e-0eceaed06d72.jpeg 1024w\" loading=\"eager\" sizes=\"(max-width: 800px) 100vw, 800px\" width=\"800\" height=\"800\"  data-dt-location=\"https:\/\/www.ortoforum.eu\/ro\/home\/_99de5bf0-789d-4419-968e-0eceaed06d72\/\" style=\"--ratio: 800 \/ 800;border-radius:800px;\" alt=\"\" \/><\/div><\/div><\/div>[\/vc_column_inner][vc_column_inner width=&#8221;1\/2&#8243; offset=&#8221;vc_col-lg-offset-0 vc_col-lg-6 vc_col-md-offset-0 vc_col-md-6 vc_col-sm-offset-0 vc_col-xs-12&#8243; css=&#8221;.vc_custom_1550596751320{margin-bottom: 20px !important;border-left-width: 3px !important;padding-left: 40px !important;border-left-color: #75b325 !important;border-left-style: dashed !important;}&#8221;]<div id=\"ultimate-heading-509069f441c8a9097\" class=\"uvc-heading ult-adjust-bottom-margin ultimate-heading-509069f441c8a9097 uvc-2692 accent-icon-color uvc-heading-default-font-sizes\" data-hspacer=\"icon_only\"  data-halign=\"left\" style=\"text-align:left\"><div class=\"uvc-heading-spacer icon_only\" style=\"top\"><div class=\"ult-just-icon-wrapper  \"><div class=\"align-icon\" style=\"text-align:left;\">\n<div class=\"aio-icon none \"  style=\"color:#ffffff;font-size:32px;\">\n\t<i class=\"Defaults-leaf\"><\/i>\n<\/div><\/div><\/div><\/div><div class=\"uvc-main-heading ult-responsive\"  data-ultimate-target='.uvc-heading.ultimate-heading-509069f441c8a9097 h3'  data-responsive-json-new='{\"font-size\":\"\",\"line-height\":\"\"}' ><h3 style=\"font-weight:bold;color:#1e73be;margin-bottom:15px;\">Programul de reduceri<\/h3><\/div><div class=\"uvc-sub-heading ult-responsive\"  data-ultimate-target='.uvc-heading.ultimate-heading-509069f441c8a9097 .uvc-sub-heading '  data-responsive-json-new='{\"font-size\":\"\",\"line-height\":\"desktop:27px;\"}'  style=\"font-weight:normal;color:#000000;margin-bottom:20px;\"><\/p>\n<p id=\"tw-target-text\" class=\"tw-data-text tw-text-large tw-ta\" dir=\"ltr\" data-placeholder=\"Traducere\" aria-label=\"Text tradus\" data-ved=\"2ahUKEwia_MT94MuHAxX1_QIHHS1mDYMQ3ewLegQIBRAU\"><span class=\"Y2IQFc\" lang=\"ro\">Actualiz\u0103ri regulate: fi\u021bi la curent cu cele mai recente reduceri \u0219i promo\u021bii.<\/span><\/p>\n<p class=\"tw-data-text tw-text-large tw-ta\" dir=\"ltr\" data-placeholder=\"Traducere\" aria-label=\"Text tradus\" data-ved=\"2ahUKEwia_MT94MuHAxX1_QIHHS1mDYMQ3ewLegQIBRAU\"><span class=\"Y2IQFc\" lang=\"ro\">Oferte exclusive: accesa\u021bi oferte speciale disponibile numai pentru urm\u0103ritorii no\u0219tri fideli.<\/span><\/p>\n<p class=\"tw-data-text tw-text-large tw-ta\" dir=\"ltr\" data-placeholder=\"Traducere\" aria-label=\"Text tradus\" data-ved=\"2ahUKEwia_MT94MuHAxX1_QIHHS1mDYMQ3ewLegQIBRAU\"><span class=\"Y2IQFc\" lang=\"ro\">Economii mari: Bucura\u021bi-v\u0103 de reduceri semnificative la o gam\u0103 larg\u0103 de produse \u0219i servicii.<\/span><\/p>\n<p><\/div><\/div>[\/vc_column_inner][\/vc_row_inner][vc_row_inner equal_height=&#8221;yes&#8221; content_placement=&#8221;middle&#8221;][vc_column_inner width=&#8221;1\/2&#8243; offset=&#8221;vc_col-lg-offset-1 vc_col-lg-6 vc_col-md-offset-1 vc_col-md-6 vc_col-xs-12&#8243; css=&#8221;.vc_custom_1550596807938{margin-bottom: 20px !important;border-left-width: 3px !important;padding-left: 40px !important;border-left-color: #75b325 !important;border-left-style: dashed !important;}&#8221;]<div id=\"ultimate-heading-638869f441c8a912f\" class=\"uvc-heading ult-adjust-bottom-margin ultimate-heading-638869f441c8a912f uvc-4813 accent-icon-color uvc-heading-default-font-sizes\" data-hspacer=\"icon_only\"  data-halign=\"left\" style=\"text-align:left\"><div class=\"uvc-heading-spacer icon_only\" style=\"top\"><div class=\"ult-just-icon-wrapper  \"><div class=\"align-icon\" style=\"text-align:left;\"><\/div><\/div><\/div><div class=\"uvc-main-heading ult-responsive\"  data-ultimate-target='.uvc-heading.ultimate-heading-638869f441c8a912f h3'  data-responsive-json-new='{\"font-size\":\"\",\"line-height\":\"\"}' ><h3 style=\"font-weight:bold;color:#1e73be;margin-bottom:15px;\">Oportunitati de educatie continua<\/h3><\/div><div class=\"uvc-sub-heading ult-responsive\"  data-ultimate-target='.uvc-heading.ultimate-heading-638869f441c8a912f .uvc-sub-heading '  data-responsive-json-new='{\"font-size\":\"\",\"line-height\":\"desktop:27px;\"}'  style=\"font-weight:normal;color:#000000;margin-bottom:20px;\">Dori\u021bi s\u0103 r\u0103m\u00e2ne\u021bi \u00een fruntea progreselor ortodontice \u0219i s\u0103 v\u0103 cre\u0219te\u021bi abilit\u0103\u021bile profesionale? La Ortoforum\u00a0 suntem dedica\u021bi \u00eenv\u0103\u021b\u0103rii continue \u0219i cre\u0219terii profesionale. Cursurile noastre organizate regulat ofer\u0103 cuno\u0219tin\u021be de ultim\u0103 or\u0103 \u0219i experien\u021b\u0103 practic\u0103, concepute special pentru profesioni\u0219tii din domeniul ortodon\u021biei. Indiferent dac\u0103 dori\u021bi s\u0103 st\u0103p\u00e2ni\u021bi noi tehnici sau s\u0103 fi\u021bi la curent cu cele mai recente tendin\u021be din industrie, sesiunile noastre conduse de exper\u021bi ofer\u0103 oportunit\u0103\u021bi nepre\u021buite de a v\u0103 \u00eembun\u0103t\u0103\u021bi expertiza. Nu rata\u021bi \u0219ansa de a \u00eenv\u0103\u021ba, de a cre\u0219te \u0219i de a excela \u00een cariera dumneavoastr\u0103 ortodontic\u0103 cu programele noastre educa\u021bionale cuprinz\u0103toare.<\/div><\/div>[\/vc_column_inner][vc_column_inner width=&#8221;1\/2&#8243; offset=&#8221;vc_col-lg-offset-0 vc_col-lg-4 vc_col-md-offset-0 vc_col-md-4 vc_hidden-xs&#8221; css=&#8221;.vc_custom_1550511681130{padding-left: 40px !important;}&#8221;]<style type=\"text\/css\" data-type=\"the7_shortcodes-inline-css\">.shortcode-single-image-wrap.shortcode-single-image-e48d3eb4222b9b1a1d0fc4c1f447f404.enable-bg-rollover .rollover i,\n.shortcode-single-image-wrap.shortcode-single-image-e48d3eb4222b9b1a1d0fc4c1f447f404.enable-bg-rollover .rollover-video i {\n  background: -webkit-linear-gradient();\n  background: linear-gradient();\n}\n.shortcode-single-image-wrap.shortcode-single-image-e48d3eb4222b9b1a1d0fc4c1f447f404 .rollover-icon {\n  font-size: 32px;\n  color: #ffffff;\n  min-width: 44px;\n  min-height: 44px;\n  line-height: 44px;\n  border-radius: 100px;\n  border-style: solid;\n  border-width: 0px;\n}\n.dt-icon-bg-on.shortcode-single-image-wrap.shortcode-single-image-e48d3eb4222b9b1a1d0fc4c1f447f404 .rollover-icon {\n  background: rgba(255,255,255,0.3);\n  box-shadow: none;\n}\n<\/style><div class=\"shortcode-single-image-wrap shortcode-single-image-e48d3eb4222b9b1a1d0fc4c1f447f404 alignnone  enable-bg-rollover dt-icon-bg-off\" style=\"margin-top:0px; margin-bottom:0px; margin-left:0px; margin-right:0px; width:800px;\"><div class=\"shortcode-single-image\"><div class=\"fancy-media-wrap  layzr-bg\" style=\"border-radius:800px;\"><img decoding=\"async\" class=\"preload-me lazy-load aspect\" src=\"data:image\/svg+xml,%3Csvg%20xmlns%3D&#39;http%3A%2F%2Fwww.w3.org%2F2000%2Fsvg&#39;%20viewBox%3D&#39;0%200%20800%20800&#39;%2F%3E\" data-src=\"https:\/\/www.ortoforum.eu\/wp-content\/uploads\/2024\/07\/20220928_203119-scaled-800x800.jpg\" data-srcset=\"https:\/\/www.ortoforum.eu\/wp-content\/uploads\/2024\/07\/20220928_203119-scaled-800x800.jpg 800w, https:\/\/www.ortoforum.eu\/wp-content\/uploads\/2024\/07\/20220928_203119-scaled-1582x1582.jpg 1582w\" loading=\"eager\" sizes=\"(max-width: 800px) 100vw, 800px\" width=\"800\" height=\"800\"  data-dt-location=\"https:\/\/www.ortoforum.eu\/ro\/home\/20220928_203119\/\" style=\"--ratio: 800 \/ 800;border-radius:800px;\" alt=\"\" \/><\/div><\/div><\/div>[\/vc_column_inner][\/vc_row_inner][vc_row_inner equal_height=&#8221;yes&#8221; content_placement=&#8221;middle&#8221;][vc_column_inner width=&#8221;1\/2&#8243; offset=&#8221;vc_col-lg-offset-1 vc_col-lg-4 vc_col-md-offset-1 vc_col-md-4 vc_hidden-xs&#8221; css=&#8221;.vc_custom_1550511660681{padding-right: 40px !important;}&#8221;]<style type=\"text\/css\" data-type=\"the7_shortcodes-inline-css\">.shortcode-single-image-wrap.shortcode-single-image-5cbd01180a81284c19cee2dc243b1b97.enable-bg-rollover .rollover i,\n.shortcode-single-image-wrap.shortcode-single-image-5cbd01180a81284c19cee2dc243b1b97.enable-bg-rollover .rollover-video i {\n  background: -webkit-linear-gradient();\n  background: linear-gradient();\n}\n.shortcode-single-image-wrap.shortcode-single-image-5cbd01180a81284c19cee2dc243b1b97 .rollover-icon {\n  font-size: 32px;\n  color: #ffffff;\n  min-width: 44px;\n  min-height: 44px;\n  line-height: 44px;\n  border-radius: 100px;\n  border-style: solid;\n  border-width: 0px;\n}\n.dt-icon-bg-on.shortcode-single-image-wrap.shortcode-single-image-5cbd01180a81284c19cee2dc243b1b97 .rollover-icon {\n  background: rgba(255,255,255,0.3);\n  box-shadow: none;\n}\n<\/style><div class=\"shortcode-single-image-wrap shortcode-single-image-5cbd01180a81284c19cee2dc243b1b97 alignnone  enable-bg-rollover dt-icon-bg-off\" style=\"margin-top:0px; margin-bottom:0px; margin-left:0px; margin-right:0px; width:800px;\"><div class=\"shortcode-single-image\"><div class=\"fancy-media-wrap  layzr-bg\" style=\"border-radius:800px;\"><img decoding=\"async\" class=\"preload-me lazy-load aspect\" src=\"data:image\/svg+xml,%3Csvg%20xmlns%3D&#39;http%3A%2F%2Fwww.w3.org%2F2000%2Fsvg&#39;%20viewBox%3D&#39;0%200%20800%20800&#39;%2F%3E\" data-src=\"https:\/\/www.ortoforum.eu\/wp-content\/uploads\/2024\/07\/4301af2b-3203-4b2c-9554-2bcfc7f5f667-800x800.jpeg\" data-srcset=\"https:\/\/www.ortoforum.eu\/wp-content\/uploads\/2024\/07\/4301af2b-3203-4b2c-9554-2bcfc7f5f667-800x800.jpeg 800w, https:\/\/www.ortoforum.eu\/wp-content\/uploads\/2024\/07\/4301af2b-3203-4b2c-9554-2bcfc7f5f667.jpeg 1024w\" loading=\"eager\" sizes=\"(max-width: 800px) 100vw, 800px\" width=\"800\" height=\"800\"  data-dt-location=\"https:\/\/www.ortoforum.eu\/ro\/home\/_4301af2b-3203-4b2c-9554-2bcfc7f5f667\/\" style=\"--ratio: 800 \/ 800;border-radius:800px;\" alt=\"\" \/><\/div><\/div><\/div>[\/vc_column_inner][vc_column_inner width=&#8221;1\/2&#8243; offset=&#8221;vc_col-lg-offset-0 vc_col-lg-6 vc_col-md-offset-0 vc_col-md-6 vc_col-sm-offset-0 vc_col-xs-12&#8243; css=&#8221;.vc_custom_1550596899663{margin-bottom: 20px !important;border-left-width: 3px !important;padding-left: 40px !important;border-left-color: #75b325 !important;border-left-style: dashed !important;}&#8221;]<div id=\"ultimate-heading-977069f441c8aa010\" class=\"uvc-heading ult-adjust-bottom-margin ultimate-heading-977069f441c8aa010 uvc-4523 accent-icon-color uvc-heading-default-font-sizes\" data-hspacer=\"icon_only\"  data-halign=\"left\" style=\"text-align:left\"><div class=\"uvc-heading-spacer icon_only\" style=\"top\"><div class=\"ult-just-icon-wrapper  \"><div class=\"align-icon\" style=\"text-align:left;\">\n<div class=\"aio-icon none \"  style=\"color:rgba(255,255,255,0.3);font-size:32px;\">\n\t<i class=\"Defaults-leaf\"><\/i>\n<\/div><\/div><\/div><\/div><div class=\"uvc-main-heading ult-responsive\"  data-ultimate-target='.uvc-heading.ultimate-heading-977069f441c8aa010 h3'  data-responsive-json-new='{\"font-size\":\"\",\"line-height\":\"\"}' ><h3 style=\"font-weight:bold;color:#1e73be;margin-bottom:15px;\">Echipa cu experienta<\/h3><\/div><div class=\"uvc-sub-heading ult-responsive\"  data-ultimate-target='.uvc-heading.ultimate-heading-977069f441c8aa010 .uvc-sub-heading '  data-responsive-json-new='{\"font-size\":\"\",\"line-height\":\"desktop:27px;\"}'  style=\"font-weight:normal;color:#000000;margin-bottom:20px;\">Echipa Ortoforum este dedicat\u0103 \u0219i dinamic\u0103, si este determinata sa devina partenerul dumneavoastr\u0103 de \u00eencredere \u00een excelen\u021ba ortodontic\u0103. Suntem specializa\u021bi \u00een v\u00e2nzarea, promovarea \u0219i organizarea de cursuri de top, concepute special pentru profesioni\u0219tii ortodon\u021bi. Cu o bogat\u0103 experien\u021b\u0103 \u00een industrie, \u00een\u021belegem nevoile unice medicilor ortodonti \u0219i ne angaj\u0103m s\u0103 oferim produse \u0219i resurse educa\u021bionale de cea mai \u00eenalt\u0103 calitate.<\/div><\/div>[\/vc_column_inner][\/vc_row_inner][\/vc_column][\/vc_row][vc_row enable_overlay=&#8221;enable_overlay_value&#8221; overlay_color=&#8221;rgba(32,52,6,0.52)&#8221;][vc_column css=&#8221;.vc_custom_1550597063086{padding-top: 70px !important;}&#8221;]<div id=\"ultimate-heading-165569f441c8aa069\" class=\"uvc-heading ult-adjust-bottom-margin ultimate-heading-165569f441c8aa069 uvc-4628 accent-subtitle-color uvc-heading-default-font-sizes\" data-hspacer=\"no_spacer\"  data-halign=\"center\" style=\"text-align:center\"><div class=\"uvc-heading-spacer no_spacer\" style=\"top\"><\/div><div class=\"uvc-main-heading ult-responsive\"  data-ultimate-target='.uvc-heading.ultimate-heading-165569f441c8aa069 h4'  data-responsive-json-new='{\"font-size\":\"\",\"line-height\":\"\"}' ><h4 style=\"font-weight:bold;\">Arad, str Andrei Saguna nr 224, 310077, jud Arad, Romania<\/h4><\/div><div class=\"uvc-sub-heading ult-responsive\"  data-ultimate-target='.uvc-heading.ultimate-heading-165569f441c8aa069 .uvc-sub-heading '  data-responsive-json-new='{\"font-size\":\"desktop:54px;mobile_landscape:34px;\",\"line-height\":\"desktop:64px;mobile_landscape:44px;\"}'  style=\"font-weight:bold;\"><i class=\"fas fa-phone-square\" style=\"padding-right: 10px;\"><\/i><strong>+40 756 081 939\u00a0\u00a0<\/strong><\/div><\/div>[vc_column_text css=&#8221;.vc_custom_1728458405909{padding-top: 10px !important;}&#8221;]<\/p>\n<p style=\"text-align: center;\"><strong>&#8211; deschis de luni pana vineri intre ora 8 &#8211; 16, pauza de masa intre 11-11,30 &#8211;<\/strong><\/p>\n<p>[\/vc_column_text][\/vc_column][\/vc_row]<\/p>\n<\/div>","protected":false},"excerpt":{"rendered":"<p>[vc_row bg_type=&#8221;bg_color&#8221; bg_override=&#8221;full&#8221; bg_color_value=&#8221;#d8d8d8&#8243; css=&#8221;.vc_custom_1731936121002{border-color: #ffffff !important;}&#8221;][vc_column offset=&#8221;vc_col-lg-offset-0 vc_col-md-offset-0&#8243;][vc_row_inner equal_height=&#8221;yes&#8221; content_placement=&#8221;middle&#8221;][vc_column_inner width=&#8221;1\/2&#8243; offset=&#8221;vc_col-lg-offset-1 vc_col-lg-6 vc_col-md-offset-1 vc_col-md-6 vc_col-sm-offset-0 vc_col-xs-12&#8243; css=&#8221;.vc_custom_1731936200540{margin-bottom: 20px !important;border-left-width: 3px !important;padding-left: 40px !important;border-left-style: dashed !important;border-color: #ffffff !important;}&#8221;][\/vc_column_inner][vc_column_inner width=&#8221;1\/2&#8243; offset=&#8221;vc_col-lg-offset-0 vc_col-lg-4 vc_col-md-offset-0 vc_col-md-4 vc_col-sm-offset-0 vc_hidden-xs&#8221; css=&#8221;.vc_custom_1550511674362{padding-left: 40px !important;}&#8221;][\/vc_column_inner][\/vc_row_inner][vc_row_inner equal_height=&#8221;yes&#8221; content_placement=&#8221;middle&#8221;][vc_column_inner width=&#8221;1\/2&#8243; offset=&#8221;vc_col-lg-offset-1 vc_col-lg-4 vc_col-md-offset-1 vc_col-md-4 vc_hidden-xs&#8221; css=&#8221;.vc_custom_1550511660681{padding-right: 40px !important;}&#8221;][\/vc_column_inner][vc_column_inner width=&#8221;1\/2&#8243; offset=&#8221;vc_col-lg-offset-0 vc_col-lg-6 vc_col-md-offset-0 vc_col-md-6&hellip;<\/p>\n","protected":false},"author":1,"featured_media":0,"parent":0,"menu_order":15,"comment_status":"closed","ping_status":"closed","template":"","meta":{"footnotes":""},"class_list":["post-492","page","type-page","status-publish","hentry","description-off"],"_links":{"self":[{"href":"https:\/\/www.ortoforum.eu\/ro\/wp-json\/wp\/v2\/pages\/492","targetHints":{"allow":["GET"]}}],"collection":[{"href":"https:\/\/www.ortoforum.eu\/ro\/wp-json\/wp\/v2\/pages"}],"about":[{"href":"https:\/\/www.ortoforum.eu\/ro\/wp-json\/wp\/v2\/types\/page"}],"author":[{"embeddable":true,"href":"https:\/\/www.ortoforum.eu\/ro\/wp-json\/wp\/v2\/users\/1"}],"replies":[{"embeddable":true,"href":"https:\/\/www.ortoforum.eu\/ro\/wp-json\/wp\/v2\/comments?post=492"}],"version-history":[{"count":31,"href":"https:\/\/www.ortoforum.eu\/ro\/wp-json\/wp\/v2\/pages\/492\/revisions"}],"predecessor-version":[{"id":3139,"href":"https:\/\/www.ortoforum.eu\/ro\/wp-json\/wp\/v2\/pages\/492\/revisions\/3139"}],"wp:attachment":[{"href":"https:\/\/www.ortoforum.eu\/ro\/wp-json\/wp\/v2\/media?parent=492"}],"curies":[{"name":"wp","href":"https:\/\/api.w.org\/{rel}","templated":true}]}}