{"id":1012,"date":"2024-06-03T22:51:00","date_gmt":"2024-06-03T22:51:00","guid":{"rendered":"https:\/\/www.ortoforum.eu\/ro\/product\/ukiddy-varsta-3-la-6-ani\/"},"modified":"2024-11-18T07:44:35","modified_gmt":"2024-11-18T07:44:35","slug":"ukiddy-varsta-3-la-6-ani","status":"publish","type":"product","link":"https:\/\/www.ortoforum.eu\/ro\/product\/ukiddy-varsta-3-la-6-ani\/","title":{"rendered":"U Kiddy &#8211; Varsta 3 la 6 ani"},"content":{"rendered":"<p>Aparatul UKiddy este ideal pentru a aborda malocluziile de clasa 1, 2 \u0219i 3 \u00eenc\u0103 de la 3 ani \u0219i p\u00e2n\u0103 la erup\u021bia molarilor de 6 ani. Poate \u00eenlocui cu u\u0219urin\u021b\u0103 suzeta \u0219i obiceiurile proaste de a suge degetul mare, degetul sau buzele, \u00eembun\u0103t\u0103\u021bind \u00een acela\u0219i timp respira\u021bia, \u00eenghi\u021birea \u0219i mastica\u021bia:<\/p>\n<ul>\n<li>Stimulator de contact labial<\/li>\n<li>Ghid lingual cu stimulatoare laterale<\/li>\n<li>Scuturi bucale pentru neutralizarea matricei func\u021bionale<\/li>\n<li>3 orificii de respira\u021bie integrate<\/li>\n<li>Buze de protec\u021bie<\/li>\n<li>Planuri de mu\u0219c\u0103tur\u0103 intermolare \u00eengro\u0219ate \u0219i construc\u021bie anterioar\u0103 de la margine la margine<\/li>\n<\/ul>\n<p><a href=\"https:\/\/u-concept-ortho.com\/pdf\/2023-Version3_22.10_Brochure%20Uconcept-16%20Pages_EN_ok.pdf\">Catalog U Concept<\/a><\/p>\n<p><a href=\"https:\/\/u-concept-ortho.com\/pdf\/UConcept_Appliance_Selection_Guide.pdf\">Ghid Selectie U Concept<\/a><\/p>\n<p><a href=\"https:\/\/u-concept-ortho.com\/index.php\">Web Site U Concept<\/a><\/p>\n","protected":false},"excerpt":{"rendered":"<p>1 buc<\/p>\n","protected":false},"featured_media":1469,"comment_status":"open","ping_status":"closed","template":"","meta":[],"product_brand":[],"product_cat":[86],"product_tag":[],"class_list":{"0":"post-1012","1":"product","2":"type-product","3":"status-publish","4":"has-post-thumbnail","6":"product_cat-u-concept","7":"description-off","9":"first","10":"instock","11":"taxable","12":"shipping-taxable","13":"product-type-variable"},"_links":{"self":[{"href":"https:\/\/www.ortoforum.eu\/ro\/wp-json\/wp\/v2\/product\/1012","targetHints":{"allow":["GET"]}}],"collection":[{"href":"https:\/\/www.ortoforum.eu\/ro\/wp-json\/wp\/v2\/product"}],"about":[{"href":"https:\/\/www.ortoforum.eu\/ro\/wp-json\/wp\/v2\/types\/product"}],"replies":[{"embeddable":true,"href":"https:\/\/www.ortoforum.eu\/ro\/wp-json\/wp\/v2\/comments?post=1012"}],"wp:featuredmedia":[{"embeddable":true,"href":"https:\/\/www.ortoforum.eu\/ro\/wp-json\/wp\/v2\/media\/1469"}],"wp:attachment":[{"href":"https:\/\/www.ortoforum.eu\/ro\/wp-json\/wp\/v2\/media?parent=1012"}],"wp:term":[{"taxonomy":"product_brand","embeddable":true,"href":"https:\/\/www.ortoforum.eu\/ro\/wp-json\/wp\/v2\/product_brand?post=1012"},{"taxonomy":"product_cat","embeddable":true,"href":"https:\/\/www.ortoforum.eu\/ro\/wp-json\/wp\/v2\/product_cat?post=1012"},{"taxonomy":"product_tag","embeddable":true,"href":"https:\/\/www.ortoforum.eu\/ro\/wp-json\/wp\/v2\/product_tag?post=1012"}],"curies":[{"name":"wp","href":"https:\/\/api.w.org\/{rel}","templated":true}]}}