{"id":1437,"date":"2024-09-04T07:50:53","date_gmt":"2024-09-04T07:50:53","guid":{"rendered":"https:\/\/www.ortoforum.eu\/ro\/?post_type=product&#038;p=1437"},"modified":"2024-11-18T07:44:34","modified_gmt":"2024-11-18T07:44:34","slug":"u-class-2-pre-de-la-6-la-12-ani","status":"publish","type":"product","link":"https:\/\/www.ortoforum.eu\/ro\/product\/u-class-2-pre-de-la-6-la-12-ani\/","title":{"rendered":"U CLASS 2 PRE- de la 6 la 12 ani"},"content":{"rendered":"<pre id=\"tw-target-text\" class=\"tw-data-text tw-text-large tw-ta\" dir=\"ltr\" data-placeholder=\"Traducere\" aria-label=\"Text tradus\" data-ved=\"2ahUKEwiqmZaFnKaIAxXQ8LsIHeSVH0kQ3ewLegQIFhAU\"><span class=\"Y2IQFc\" lang=\"ro\">Dedicat pentru corectarea malocluziilor severe de clasa 2 cu incompeten\u0163\u0103 labial\u0103, ca prim\u0103 inten\u0163ie, sau dispozitiv de faz\u0103 1, anterior aparatului standard U Clasa 2,\r\n\u2022 Integreaz\u0103 un overjet de 4 mm,\r\n\u2022 Zona de odihn\u0103 mandibular\u0103 este m\u0103rit\u0103 pentru a facilita o protruzie progresiv\u0103 \u0219i nefor\u021bat\u0103,\r\n\u2022 Mobilitatea  mandibular\u0103 crescut\u0103 va facilita purtarea U Class 2 PRE, \u00eenchide buzele \u0219i reduce tensiunea pe TMJ.\r\n<\/span><\/pre>\n<p><a href=\"https:\/\/u-concept-ortho.com\/pdf\/2023-Version3_22.10_Brochure%20Uconcept-16%20Pages_EN_ok.pdf\">Catalog U Concept<\/a><\/p>\n<p><a href=\"https:\/\/u-concept-ortho.com\/pdf\/UConcept_Appliance_Selection_Guide.pdf\">Ghid Selectie U Concept<\/a><\/p>\n<p><a href=\"https:\/\/u-concept-ortho.com\/index.php\">Web Site U Concept<\/a><\/p>\n<p>&nbsp;<\/p>\n","protected":false},"excerpt":{"rendered":"<p>1 buc<\/p>\n","protected":false},"featured_media":1438,"comment_status":"open","ping_status":"closed","template":"","meta":[],"product_brand":[],"product_cat":[86],"product_tag":[],"class_list":{"0":"post-1437","1":"product","2":"type-product","3":"status-publish","4":"has-post-thumbnail","6":"product_cat-u-concept","7":"description-off","9":"first","10":"instock","11":"taxable","12":"shipping-taxable","13":"product-type-variable"},"_links":{"self":[{"href":"https:\/\/www.ortoforum.eu\/ro\/wp-json\/wp\/v2\/product\/1437","targetHints":{"allow":["GET"]}}],"collection":[{"href":"https:\/\/www.ortoforum.eu\/ro\/wp-json\/wp\/v2\/product"}],"about":[{"href":"https:\/\/www.ortoforum.eu\/ro\/wp-json\/wp\/v2\/types\/product"}],"replies":[{"embeddable":true,"href":"https:\/\/www.ortoforum.eu\/ro\/wp-json\/wp\/v2\/comments?post=1437"}],"wp:featuredmedia":[{"embeddable":true,"href":"https:\/\/www.ortoforum.eu\/ro\/wp-json\/wp\/v2\/media\/1438"}],"wp:attachment":[{"href":"https:\/\/www.ortoforum.eu\/ro\/wp-json\/wp\/v2\/media?parent=1437"}],"wp:term":[{"taxonomy":"product_brand","embeddable":true,"href":"https:\/\/www.ortoforum.eu\/ro\/wp-json\/wp\/v2\/product_brand?post=1437"},{"taxonomy":"product_cat","embeddable":true,"href":"https:\/\/www.ortoforum.eu\/ro\/wp-json\/wp\/v2\/product_cat?post=1437"},{"taxonomy":"product_tag","embeddable":true,"href":"https:\/\/www.ortoforum.eu\/ro\/wp-json\/wp\/v2\/product_tag?post=1437"}],"curies":[{"name":"wp","href":"https:\/\/api.w.org\/{rel}","templated":true}]}}