{"id":1457,"date":"2024-09-04T09:09:34","date_gmt":"2024-09-04T09:09:34","guid":{"rendered":"https:\/\/www.ortoforum.eu\/ro\/?post_type=product&#038;p=1457"},"modified":"2024-11-18T07:44:34","modified_gmt":"2024-11-18T07:44:34","slug":"u-braces-de-la-10-ani","status":"publish","type":"product","link":"https:\/\/www.ortoforum.eu\/ro\/product\/u-braces-de-la-10-ani\/","title":{"rendered":"U BRACES- de la 10 ani +"},"content":{"rendered":"<pre class=\"tw-data-text tw-text-large tw-ta\" dir=\"ltr\" data-placeholder=\"Traducere\" aria-label=\"Text tradus\" data-ved=\"2ahUKEwiqmZaFnKaIAxXQ8LsIHeSVH0kQ3ewLegQIFhAU\"><span class=\"Y2IQFc\" lang=\"ro\">\u2022 Denti\u021bie mixt\u0103 sau permanent\u0103\r\n\u2022 Ideal pentru pacien\u021bii care poart\u0103 deja aparate ortodontice fixe sau aligners dac\u0103 este nevoie de corectare de disfunc\u021bii \u00een paralel (pozi\u021bia joas\u0103 a limbii, reabilitarea contactului buzelor, \u00eentinderea muscular\u0103)\r\n\u2022 Accelereaz\u0103 alinierea din\u021bilor \u00een paralel cu aparate ortodontice fixe\r\n\u2022 Protejeaza mucoasa gingivala la practicarea sportului\r\n\u2022 La adul\u021bi: permite un diagnostic diferen\u021bial u\u0219or \u00een cazul diagnosticului de patologie TMJ\r\n\u2022 Produce relaxare muscular\u0103 \u0219i eliberare de durere la pacien\u021bii care sufer\u0103 de bruxism\r\n\u2022 Reduce sfor\u0103itul\r\n\r\n<strong>Linkuri Utile:<\/strong><\/span><\/pre>\n<p><a href=\"https:\/\/u-concept-ortho.com\/pdf\/2023-Version3_22.10_Brochure%20Uconcept-16%20Pages_EN_ok.pdf\">Catalog U Concept<\/a><\/p>\n<p><a href=\"https:\/\/u-concept-ortho.com\/pdf\/UConcept_Appliance_Selection_Guide.pdf\">Ghid Selectie U Concept<\/a><\/p>\n<p><a href=\"https:\/\/u-concept-ortho.com\/index.php\">Web Site U Concept<\/a><\/p>\n","protected":false},"excerpt":{"rendered":"<p>1 buc<\/p>\n","protected":false},"featured_media":1449,"comment_status":"open","ping_status":"closed","template":"","meta":[],"product_brand":[],"product_cat":[86],"product_tag":[],"class_list":{"0":"post-1457","1":"product","2":"type-product","3":"status-publish","4":"has-post-thumbnail","6":"product_cat-u-concept","7":"description-off","9":"first","10":"instock","11":"taxable","12":"shipping-taxable","13":"product-type-variable"},"_links":{"self":[{"href":"https:\/\/www.ortoforum.eu\/ro\/wp-json\/wp\/v2\/product\/1457","targetHints":{"allow":["GET"]}}],"collection":[{"href":"https:\/\/www.ortoforum.eu\/ro\/wp-json\/wp\/v2\/product"}],"about":[{"href":"https:\/\/www.ortoforum.eu\/ro\/wp-json\/wp\/v2\/types\/product"}],"replies":[{"embeddable":true,"href":"https:\/\/www.ortoforum.eu\/ro\/wp-json\/wp\/v2\/comments?post=1457"}],"wp:featuredmedia":[{"embeddable":true,"href":"https:\/\/www.ortoforum.eu\/ro\/wp-json\/wp\/v2\/media\/1449"}],"wp:attachment":[{"href":"https:\/\/www.ortoforum.eu\/ro\/wp-json\/wp\/v2\/media?parent=1457"}],"wp:term":[{"taxonomy":"product_brand","embeddable":true,"href":"https:\/\/www.ortoforum.eu\/ro\/wp-json\/wp\/v2\/product_brand?post=1457"},{"taxonomy":"product_cat","embeddable":true,"href":"https:\/\/www.ortoforum.eu\/ro\/wp-json\/wp\/v2\/product_cat?post=1457"},{"taxonomy":"product_tag","embeddable":true,"href":"https:\/\/www.ortoforum.eu\/ro\/wp-json\/wp\/v2\/product_tag?post=1457"}],"curies":[{"name":"wp","href":"https:\/\/api.w.org\/{rel}","templated":true}]}}