{"id":1466,"date":"2024-09-04T11:19:08","date_gmt":"2024-09-04T11:19:08","guid":{"rendered":"https:\/\/www.ortoforum.eu\/ro\/?post_type=product&#038;p=1466"},"modified":"2026-03-02T06:14:57","modified_gmt":"2026-03-02T06:14:57","slug":"nazometru-2","status":"publish","type":"product","link":"https:\/\/www.ortoforum.eu\/ro\/product\/nazometru-2\/","title":{"rendered":"NAZOMETRU"},"content":{"rendered":"<p>NOUL Nazometru, dezvoltat de Dr. C. F. Gugino pentru UConcept\u00ae este un instrument de diagnostic excelent \u0219i simplu dedicat \u00eenregistr\u0103rii\u00a0 capacitatii de expira\u021bie a pacientului dumneavoastr\u0103 \u0219i evalu\u0103rii expira\u021biei nar\u0103 pe nar\u0103.<\/p>\n<p>V\u0103 va permite s\u0103 evalua\u021bi nivelul ini\u021bial de expira\u021bie \u0219i evolu\u021bia acestuia \u00een timp, odat\u0103 ce tratamentul miofunc\u0163ional este \u00een desf\u0103\u015furare pute\u021bi s\u0103 v\u0103\u00a0 motiva\u021bi pacientul ar\u0103t\u00e2ndu-i progresia de refacerea respira\u0163iei sale nazale.<\/p>\n<p><a href=\"https:\/\/u-concept-ortho.com\/pdf\/2023-Version3_22.10_Brochure%20Uconcept-16%20Pages_EN_ok.pdf\">Catalog U Concept<\/a><\/p>\n<p><a href=\"https:\/\/u-concept-ortho.com\/pdf\/UConcept_Appliance_Selection_Guide.pdf\">Ghid Selectie U Concept<\/a><\/p>\n<p><a href=\"https:\/\/u-concept-ortho.com\/index.php\">Web Site U Concept<\/a><\/p>\n","protected":false},"excerpt":{"rendered":"<p>1 buc<\/p>\n","protected":false},"featured_media":1464,"comment_status":"open","ping_status":"closed","template":"","meta":[],"product_brand":[],"product_cat":[86],"product_tag":[],"class_list":{"0":"post-1466","1":"product","2":"type-product","3":"status-publish","4":"has-post-thumbnail","6":"product_cat-u-concept","7":"description-off","9":"first","10":"instock","11":"taxable","12":"shipping-taxable","13":"product-type-simple"},"_links":{"self":[{"href":"https:\/\/www.ortoforum.eu\/ro\/wp-json\/wp\/v2\/product\/1466","targetHints":{"allow":["GET"]}}],"collection":[{"href":"https:\/\/www.ortoforum.eu\/ro\/wp-json\/wp\/v2\/product"}],"about":[{"href":"https:\/\/www.ortoforum.eu\/ro\/wp-json\/wp\/v2\/types\/product"}],"replies":[{"embeddable":true,"href":"https:\/\/www.ortoforum.eu\/ro\/wp-json\/wp\/v2\/comments?post=1466"}],"wp:featuredmedia":[{"embeddable":true,"href":"https:\/\/www.ortoforum.eu\/ro\/wp-json\/wp\/v2\/media\/1464"}],"wp:attachment":[{"href":"https:\/\/www.ortoforum.eu\/ro\/wp-json\/wp\/v2\/media?parent=1466"}],"wp:term":[{"taxonomy":"product_brand","embeddable":true,"href":"https:\/\/www.ortoforum.eu\/ro\/wp-json\/wp\/v2\/product_brand?post=1466"},{"taxonomy":"product_cat","embeddable":true,"href":"https:\/\/www.ortoforum.eu\/ro\/wp-json\/wp\/v2\/product_cat?post=1466"},{"taxonomy":"product_tag","embeddable":true,"href":"https:\/\/www.ortoforum.eu\/ro\/wp-json\/wp\/v2\/product_tag?post=1466"}],"curies":[{"name":"wp","href":"https:\/\/api.w.org\/{rel}","templated":true}]}}