{"id":24976,"date":"2025-03-04T12:27:58","date_gmt":"2025-03-04T12:27:58","guid":{"rendered":"https:\/\/www.ortoforum.eu\/ro\/?post_type=product&#038;p=24976"},"modified":"2026-05-07T15:02:10","modified_gmt":"2026-05-07T15:02:10","slug":"sd-1000-ligature-wire-cutter","status":"publish","type":"product","link":"https:\/\/www.ortoforum.eu\/ro\/product\/sd-1000-ligature-wire-cutter\/","title":{"rendered":"SD 1000 Ligature &#038; Wire Cutter"},"content":{"rendered":"<p><strong>&#8211; Tungsten-carbide insert.<\/strong><br \/>\n<strong>&#8211; Combination of ligature and wire cutter.<\/strong><br \/>\n<strong>&#8211; The tip is only for ligatures.<\/strong><br \/>\n<strong>&#8211; From min. 3mm below the tip it is able to cut wires up to .022\u201d.<\/strong><\/p>\n<p>Cle\u0219tii ortodontici Savaria Dent sunt crea\u021bi cu o abordare inovatoare, fiind perfec\u021biona\u021bi timp de peste 15 ani. Proiectarea acestora se bazeaz\u0103 pe 30 de ani de experien\u021b\u0103 \u00een domeniu, \u00eembinat\u0103 cu nevoile \u0219i feedback-ul partenerilor . Cu un design distinctiv, cle\u0219tii Savaria Dent se remarc\u0103 \u0219i prin calitatea premium a materialelor \u0219i solu\u021biilor tehnice utilizate.<\/p>\n<h2>Documentatie:<img loading=\"lazy\" decoding=\"async\" class=\"alignnone wp-image-3063\" src=\"https:\/\/www.ortoforum.eu\/wp-content\/uploads\/2024\/06\/file.jpg\" alt=\"\" width=\"25\" height=\"31\" \/><\/h2>\n<p><a href=\"https:\/\/www.ortoforum.eu\/wp-content\/uploads\/2025\/03\/Orthodontic-Pliers-Users-guide.pdf\">Orthodontic Pliers User\u2019s guide<\/a><\/p>\n<p><a href=\"https:\/\/www.ortoforum.eu\/wp-content\/uploads\/2025\/03\/DoC-EN-FF-ver01-2021-05-26.pdf\">Declaration of Conformity<\/a><\/p>\n<p><a href=\"https:\/\/savariadent.hu\/product\/savaria-dent-termekcsalad\/savaria-dent-fogok\/sd-1004-ligature-cutter\">More informations<\/a><\/p>\n<p>&nbsp;<\/p>\n","protected":false},"excerpt":{"rendered":"<p>1 buc<\/p>\n","protected":false},"featured_media":24977,"comment_status":"open","ping_status":"closed","template":"","meta":[],"product_brand":[],"product_cat":[],"product_tag":[],"class_list":{"0":"post-24976","1":"product","2":"type-product","3":"status-publish","4":"has-post-thumbnail","6":"description-off","8":"first","9":"instock","10":"taxable","11":"shipping-taxable","12":"product-type-simple"},"_links":{"self":[{"href":"https:\/\/www.ortoforum.eu\/ro\/wp-json\/wp\/v2\/product\/24976","targetHints":{"allow":["GET"]}}],"collection":[{"href":"https:\/\/www.ortoforum.eu\/ro\/wp-json\/wp\/v2\/product"}],"about":[{"href":"https:\/\/www.ortoforum.eu\/ro\/wp-json\/wp\/v2\/types\/product"}],"replies":[{"embeddable":true,"href":"https:\/\/www.ortoforum.eu\/ro\/wp-json\/wp\/v2\/comments?post=24976"}],"wp:featuredmedia":[{"embeddable":true,"href":"https:\/\/www.ortoforum.eu\/ro\/wp-json\/wp\/v2\/media\/24977"}],"wp:attachment":[{"href":"https:\/\/www.ortoforum.eu\/ro\/wp-json\/wp\/v2\/media?parent=24976"}],"wp:term":[{"taxonomy":"product_brand","embeddable":true,"href":"https:\/\/www.ortoforum.eu\/ro\/wp-json\/wp\/v2\/product_brand?post=24976"},{"taxonomy":"product_cat","embeddable":true,"href":"https:\/\/www.ortoforum.eu\/ro\/wp-json\/wp\/v2\/product_cat?post=24976"},{"taxonomy":"product_tag","embeddable":true,"href":"https:\/\/www.ortoforum.eu\/ro\/wp-json\/wp\/v2\/product_tag?post=24976"}],"curies":[{"name":"wp","href":"https:\/\/api.w.org\/{rel}","templated":true}]}}