{"id":853,"date":"2024-06-03T22:50:51","date_gmt":"2024-06-03T22:50:51","guid":{"rendered":"https:\/\/www.ortoforum.eu\/ro\/product\/experience-metal-rhodium-autoligaturant\/"},"modified":"2025-05-15T11:32:44","modified_gmt":"2025-05-15T11:32:44","slug":"experience-metal-rhodium-autoligaturant","status":"publish","type":"product","link":"https:\/\/www.ortoforum.eu\/ro\/product\/experience-metal-rhodium-autoligaturant\/","title":{"rendered":"EXPERIENCE metal RHODIUM -autoligaturant-"},"content":{"rendered":"<p class=\"tw-data-text tw-text-large tw-ta\" dir=\"ltr\" data-placeholder=\"Traducere\" aria-label=\"Text tradus\" data-ved=\"2ahUKEwiiyLiQkquIAxUU9LsIHS2oNIYQ3ewLegQIBxAU\"><span class=\"Y2IQFc\" lang=\"ro\"><strong>C\u00e2nd metalul se \u00eent\u00e2lne\u0219te cu estetica:<\/strong> Folosit \u00een mare m\u0103sur\u0103 \u00een industria de bijuterii, Rodiul are caracteristica unic\u0103 de a reduce reflexia (str\u0103lucirea). Finisajul s\u0103u argintiu mat ofer\u0103 un aspect transparent care \u00eembun\u0103t\u0103\u021be\u0219te estetica. <\/span><\/p>\n<p class=\"tw-data-text tw-text-large tw-ta\" dir=\"ltr\" data-placeholder=\"Traducere\" aria-label=\"Text tradus\" data-ved=\"2ahUKEwiiyLiQkquIAxUU9LsIHS2oNIYQ3ewLegQIBxAU\"><span class=\"Y2IQFc\" lang=\"ro\"><strong>Brackets<\/strong> Oricare ar fi ele \u00een auto-ligatura sau conven\u021bionale, va fi cea potrivit\u0103 pentru tine. <\/span><\/p>\n<p class=\"tw-data-text tw-text-large tw-ta\" dir=\"ltr\" data-placeholder=\"Traducere\" aria-label=\"Text tradus\" data-ved=\"2ahUKEwiqmZaFnKaIAxXQ8LsIHeSVH0kQ3ewLegQIFhAU\"><span class=\"Y2IQFc\" lang=\"ro\">Acest bracket cu auto-ligatur\u0103 a fost utilizat pe scar\u0103 larg\u0103 de ani de zile. Acesta include principalele caracteristici de calitate ale TOMY Inc. care le produce. <\/span><\/p>\n<h2>Documentation:\u00a0\u00a0<img loading=\"lazy\" decoding=\"async\" class=\"alignnone wp-image-3063\" src=\"https:\/\/www.ortoforum.eu\/wp-content\/uploads\/2024\/06\/file.jpg\" alt=\"\" width=\"31\" height=\"39\" \/><b><\/b><\/h2>\n<p><strong><a href=\"https:\/\/www.gc.dental\/ortho\/sites\/ortho-europe.gc.dental\/files\/products\/downloads\/alignerconnect\/leaflet\/181_LFL_AlignerConnect_Doctor_en.pdf\">Leaflet for profetionals:<\/a><\/strong><\/p>\n<p><strong><a href=\"https:\/\/www.gc.dental\/ortho\/sites\/ortho-europe.gc.dental\/files\/products\/downloads\/experiencemetalrhodium\/leaflet\/99_19E0_1200_experience_MRh_en.pdf\">Leaflet for patients<\/a><\/strong><\/p>\n<p><strong><a href=\"https:\/\/www.ortoforum.eu\/wp-content\/uploads\/2024\/06\/MSDS_023_Selfligating_Bracket_20_21_24-xxxx-xx_Rev03-1.pdf\">Medical Data Safety Sheet<\/a><\/strong><\/p>\n<p><strong><a href=\"https:\/\/www.gc.dental\/ortho\/sites\/ortho-europe.gc.dental\/files\/documents\/2023-05\/%237%20Brackets%20GB.pdf\">More informations<\/a>\u00a0 \u00a0<\/strong><\/p>\n<p><strong><a href=\"https:\/\/www.youtube.com\/watch?v=A5sJX9I6tlQ\">Brackets EXPERIENCE mini metal Rhodium<\/a>-YOU TUBE<\/strong><\/p>\n<pre class=\"tw-data-text tw-text-large tw-ta\" dir=\"ltr\" data-placeholder=\"Traducere\" aria-label=\"Text tradus\" data-ved=\"2ahUKEwiqmZaFnKaIAxXQ8LsIHeSVH0kQ3ewLegQIFhAU\">\r\n<\/pre>\n","protected":false},"excerpt":{"rendered":"<p>C\u00e2nd metalul se \u00eent\u00e2lne\u0219te cu estetica: Folosit \u00een mare m\u0103sur\u0103 \u00een industria de bijuterii, Rodiul are caracteristica unic\u0103 de a reduce reflexia (str\u0103lucirea). Finisajul s\u0103u argintiu mat ofer\u0103 un aspect transparent care \u00eembun\u0103t\u0103\u021be\u0219te estetica. Brackets Oricare ar fi ele \u00een auto-ligatura sau conven\u021bionale, va fi cea potrivit\u0103 pentru tine. Acest bracket cu auto-ligatur\u0103 a fost&hellip;<\/p>\n","protected":false},"featured_media":854,"comment_status":"open","ping_status":"closed","template":"","meta":[],"product_brand":[],"product_cat":[82],"product_tag":[],"class_list":{"0":"post-853","1":"product","2":"type-product","3":"status-publish","4":"has-post-thumbnail","6":"product_cat-bracketi-rhodium","7":"description-off","9":"first","10":"instock","11":"taxable","12":"shipping-taxable","13":"product-type-variable"},"_links":{"self":[{"href":"https:\/\/www.ortoforum.eu\/ro\/wp-json\/wp\/v2\/product\/853","targetHints":{"allow":["GET"]}}],"collection":[{"href":"https:\/\/www.ortoforum.eu\/ro\/wp-json\/wp\/v2\/product"}],"about":[{"href":"https:\/\/www.ortoforum.eu\/ro\/wp-json\/wp\/v2\/types\/product"}],"replies":[{"embeddable":true,"href":"https:\/\/www.ortoforum.eu\/ro\/wp-json\/wp\/v2\/comments?post=853"}],"wp:featuredmedia":[{"embeddable":true,"href":"https:\/\/www.ortoforum.eu\/ro\/wp-json\/wp\/v2\/media\/854"}],"wp:attachment":[{"href":"https:\/\/www.ortoforum.eu\/ro\/wp-json\/wp\/v2\/media?parent=853"}],"wp:term":[{"taxonomy":"product_brand","embeddable":true,"href":"https:\/\/www.ortoforum.eu\/ro\/wp-json\/wp\/v2\/product_brand?post=853"},{"taxonomy":"product_cat","embeddable":true,"href":"https:\/\/www.ortoforum.eu\/ro\/wp-json\/wp\/v2\/product_cat?post=853"},{"taxonomy":"product_tag","embeddable":true,"href":"https:\/\/www.ortoforum.eu\/ro\/wp-json\/wp\/v2\/product_tag?post=853"}],"curies":[{"name":"wp","href":"https:\/\/api.w.org\/{rel}","templated":true}]}}